{"id":25521,"date":"2020-06-07T17:58:56","date_gmt":"2020-06-07T17:58:56","guid":{"rendered":"http:\/\/161.35.4.133\/?page_id=23"},"modified":"2025-10-29T14:07:35","modified_gmt":"2025-10-29T14:07:35","slug":"about","status":"publish","type":"page","link":"https:\/\/senhorcarros.com\/fr\/about\/","title":{"rendered":"Sur"},"content":{"rendered":"<div class=\"mx-5 sm:mx-0 prose leading-relaxed text-lg mb-5 text-left wp-paragraph\">\n<p>Senhor Carros est un site web con\u00e7u pour les passionn\u00e9s d&#039;informations claires, actualis\u00e9es et fiables sur le monde automobile et vid\u00e9oludique. Nous y abordons les voitures s\u00e9rieusement, sans jargon technique, et proposons \u00e9galement du contenu pertinent sur l&#039;univers du jeu vid\u00e9o. Notre objectif est de fournir des informations permettant au lecteur de mieux comprendre les mod\u00e8les disponibles sur le march\u00e9, les innovations technologiques, les \u00e9volutions du code de la route, ainsi que l&#039;actualit\u00e9 et les tendances du secteur.<\/p>\n<\/div><div class=\"mx-5 sm:mx-0 prose leading-relaxed text-lg mb-5 text-left wp-paragraph\">\n<p>Que vous souhaitiez dissiper vos doutes sur l&#039;entretien, comparer des v\u00e9hicules, vous tenir au courant des nouveaut\u00e9s automobiles, comprendre les \u00e9volutions du secteur ou m\u00eame d\u00e9couvrir les derni\u00e8res actualit\u00e9s du monde du jeu vid\u00e9o, Senhor Carros est un point de d\u00e9part s\u00fbr et objectif. Notre r\u00f4le n&#039;est pas de vendre, de promouvoir des marques ou de faire de la publicit\u00e9 d\u00e9guis\u00e9e. Notre engagement\u00a0: vous informer.<\/p>\n<\/div><!--advertisement--><div class=\"mx-5 sm:mx-0 sm:text-3xl text-2xl font-medium title-font mb-4 text-gray-900 text-left\">\n<h2 class=\"wp-block-heading\">Notre mission<\/h2>\n<\/div><div class=\"mx-5 sm:mx-0 prose leading-relaxed text-lg mb-5 text-left wp-paragraph\">\n<p>Nous souhaitons rendre l&#039;univers automobile et celui du jeu vid\u00e9o plus accessibles \u00e0 tous. Notre contenu s&#039;adresse \u00e0 ceux qui ach\u00e8tent leur premi\u00e8re voiture, passent \u00e0 un mod\u00e8le sup\u00e9rieur, s&#039;int\u00e9ressent aux v\u00e9hicules \u00e9lectriques, veulent faire des \u00e9conomies gr\u00e2ce \u00e0 un entretien bien planifi\u00e9 ou d\u00e9couvrent de nouveaux jeux.<\/p>\n<\/div><div class=\"mx-5 sm:mx-0 prose leading-relaxed text-lg mb-5 text-left wp-paragraph\">\n<p>La mission de Senhor Carros est de vous aider \u00e0 prendre des d\u00e9cisions plus \u00e9clair\u00e9es et plus claires, bas\u00e9es sur des informations utiles, un langage simple et des analyses d&#039;experts du domaine, toujours avec responsabilit\u00e9 et ind\u00e9pendance \u00e9ditoriale.<\/p>\n<\/div><!--advertisement--><div class=\"mx-5 sm:mx-0 sm:text-3xl text-2xl font-medium title-font mb-4 text-gray-900 text-left\">\n<h2 class=\"wp-block-heading\">Ce que vous trouverez ici<\/h2>\n<\/div><div class=\"mx-5 sm:mx-0 prose leading-relaxed text-lg mb-5 text-left wp-paragraph\">\n<p>Nous organisons notre contenu pour couvrir les sujets essentiels pour ceux qui travaillent quotidiennement dans le secteur automobile ou souhaitent rester inform\u00e9s des derni\u00e8res actualit\u00e9s, tout en proposant des informations utiles aux joueurs. Parmi les th\u00e8mes abord\u00e9s\u00a0:<\/p>\n<\/div><div class=\"mx-5 sm:mx-0 prose leading-relaxed text-lg mb-5 text-left wp-paragraph\">\n<p>\ud83d\udd27 <strong>Conseils d&#039;entretien et d&#039;\u00e9conomie<\/strong><strong><br><\/strong> Conseils pratiques pour prendre soin de votre voiture, \u00e9viter les d\u00e9penses inutiles et prolonger sa dur\u00e9e de vie \u2014 de la vidange d&#039;huile \u00e0 l&#039;entretien des pneus.<\/p>\n<\/div><div class=\"mx-5 sm:mx-0 prose leading-relaxed text-lg mb-5 text-left wp-paragraph\">\n<p>\ud83d\ude97 <strong>Analyses et comparaisons de mod\u00e8les<\/strong><strong><br><\/strong> Des analyses claires et objectives de diff\u00e9rentes voitures, mettant l&#039;accent sur ce que chacune offre en termes de performances, de confort, de consommation de carburant, de rapport qualit\u00e9-prix, et bien plus encore.<\/p>\n<\/div><div class=\"mx-5 sm:mx-0 prose leading-relaxed text-lg mb-5 text-left wp-paragraph\">\n<p>\u2699\ufe0f <strong>Tendances et technologies automobiles<\/strong><strong><br><\/strong> Explications sur les innovations qui transforment notre fa\u00e7on de conduire, telles que la conduite autonome, la connectivit\u00e9 des v\u00e9hicules, la s\u00e9curit\u00e9 active et les progr\u00e8s r\u00e9alis\u00e9s dans le domaine des voitures \u00e9lectriques.<\/p>\n<\/div><div class=\"mx-5 sm:mx-0 prose leading-relaxed text-lg mb-5 text-left wp-paragraph\">\n<p>\ud83c\udfae <strong>Conseils et tendances du monde du jeu vid\u00e9o<\/strong><strong><br><\/strong> Des nouveaut\u00e9s aux conseils pour am\u00e9liorer votre exp\u00e9rience de jeu, nous couvrons tout ce que le monde du jeu vid\u00e9o a \u00e0 offrir, toujours avec des critiques et des recommandations.<\/p>\n<\/div><div class=\"mx-5 sm:mx-0 prose leading-relaxed text-lg mb-5 text-left wp-paragraph\">\n<p>\ud83d\udcdd <strong>Informations sur la documentation et la l\u00e9gislation<\/strong><strong><br><\/strong> Contenu mis \u00e0 jour sur les permis de conduire, la taxe sur les v\u00e9hicules (IPVA), le permis de conduire (CNH), les amendes, le code de la route et les modifications r\u00e9glementaires affectant les conducteurs et les propri\u00e9taires.<\/p>\n<\/div><div class=\"mx-5 sm:mx-0 prose leading-relaxed text-lg mb-5 text-left wp-paragraph\">\n<p>\ud83d\uded2 <strong>Ventes aux ench\u00e8res de voitures et conseils d&#039;achat<\/strong> <br> Des guides pour participer aux ventes aux ench\u00e8res de v\u00e9hicules, des conseils pour acheter une voiture en toute s\u00e9curit\u00e9 et \u00e0 moindre co\u00fbt, et comment \u00e9valuer les meilleures offres. Nous expliquons \u00e9galement les aspects juridiques et comment \u00e9viter les pi\u00e8ges courants lors de l&#039;achat d&#039;un v\u00e9hicule d&#039;occasion.<\/p>\n<\/div><!--advertisement--><div class=\"mx-5 sm:mx-0 sm:text-3xl text-2xl font-medium title-font mb-4 text-gray-900 text-left\">\n<h2 class=\"wp-block-heading\">Notre approche<\/h2>\n<\/div><div class=\"mx-5 sm:mx-0 prose leading-relaxed text-lg mb-5 text-left wp-paragraph\">\n<p>Senhor Carros est une entreprise totalement ind\u00e9pendante. Nous ne vendons pas de voitures, nous ne percevons aucune commission pour les recommandations de services et nous n&#039;acceptons aucun paiement pour la recommandation de produits ou de plateformes. Notre ligne \u00e9ditoriale est guid\u00e9e par un engagement envers la clart\u00e9, l&#039;utilit\u00e9 pratique et le respect du lecteur.<\/p>\n<\/div><div class=\"mx-5 sm:mx-0 prose leading-relaxed text-lg mb-5 text-left wp-paragraph\">\n<p>Nous sommes convaincus qu&#039;une information de qualit\u00e9 permet d&#039;\u00e9viter les erreurs, de faire des \u00e9conomies, d&#039;am\u00e9liorer la s\u00e9curit\u00e9 routi\u00e8re et d&#039;enrichir l&#039;exp\u00e9rience des passionn\u00e9s du jeu vid\u00e9o. C&#039;est pourquoi tout le contenu que vous trouverez ici est le fruit de recherches, d&#039;une exp\u00e9rience pratique et d&#039;une analyse approfondie.<\/p>\n<\/div><div class=\"mx-5 sm:mx-0 prose leading-relaxed text-lg mb-5 text-left wp-paragraph\">\n<p>Que vous soyez passionn\u00e9 de moteurs, que vous souhaitiez mieux comprendre comment entretenir votre voiture ou que vous recherchiez le prochain jeu incroyable, Senhor Carros est con\u00e7u pour fournir des informations fiables et vous aider \u00e0 conduire avec plus de s\u00e9r\u00e9nit\u00e9 et de plaisir.<\/p>\n<\/div>","protected":false},"excerpt":{"rendered":"<p>Senhor Carros est un site web con\u00e7u pour les passionn\u00e9s d&#039;informations claires, actualis\u00e9es et fiables sur le monde automobile et l&#039;univers du jeu vid\u00e9o. Nous y abordons les voitures s\u00e9rieusement, sans les compliquer, et proposons \u00e9galement du contenu pertinent sur le monde du jeu vid\u00e9o. Notre objectif est d&#039;offrir un contenu utile au lecteur\u2026 <a class=\"more-link\" href=\"https:\/\/senhorcarros.com\/fr\/about\/\">Poursuivez votre lecture <span class=\"screen-reader-text\">Sur<\/span><\/a><\/p>","protected":false},"author":26,"featured_media":0,"parent":0,"menu_order":0,"comment_status":"closed","ping_status":"closed","template":"","meta":{"footnotes":""},"yoast_head":"<!-- This site is optimized with the Yoast SEO plugin v23.3 - https:\/\/yoast.com\/wordpress\/plugins\/seo\/ -->\n<title>Sobre - Senhor Carros<\/title>\n<meta name=\"robots\" content=\"index, follow, max-snippet:-1, max-image-preview:large, max-video-preview:-1\" \/>\n<link rel=\"canonical\" href=\"https:\/\/senhorcarros.com\/fr\/about\/\" \/>\n<meta property=\"og:locale\" content=\"fr_FR\" \/>\n<meta property=\"og:type\" content=\"article\" \/>\n<meta property=\"og:title\" content=\"Sobre - Senhor Carros\" \/>\n<meta property=\"og:description\" content=\"O Senhor Carros \u00e9 um site criado para quem gosta de informa\u00e7\u00e3o clara, atual e confi\u00e1vel sobre o mundo automotivo e tamb\u00e9m sobre o universo dos jogos. Aqui, falamos de carros com seriedade, mas sem complicar, e trazemos tamb\u00e9m conte\u00fado relevante sobre o mundo dos games. Nosso foco \u00e9 oferecer conte\u00fados que ajudem o leitor&hellip; Continue reading Sobre\" \/>\n<meta property=\"og:url\" content=\"https:\/\/senhorcarros.com\/fr\/about\/\" \/>\n<meta property=\"og:site_name\" content=\"Senhor Carros\" \/>\n<meta property=\"article:modified_time\" content=\"2025-10-29T14:07:35+00:00\" \/>\n<meta name=\"twitter:card\" content=\"summary_large_image\" \/>\n<meta name=\"twitter:label1\" content=\"Est. reading time\" \/>\n\t<meta name=\"twitter:data1\" content=\"4 minutes\" \/>\n<script type=\"application\/ld+json\" class=\"yoast-schema-graph\">{\"@context\":\"https:\/\/schema.org\",\"@graph\":[{\"@type\":\"WebPage\",\"@id\":\"https:\/\/senhorcarros.com\/about\/\",\"url\":\"https:\/\/senhorcarros.com\/about\/\",\"name\":\"Sobre - Senhor Carros\",\"isPartOf\":{\"@id\":\"https:\/\/senhorcarros.com\/#website\"},\"datePublished\":\"2020-06-07T17:58:56+00:00\",\"dateModified\":\"2025-10-29T14:07:35+00:00\",\"breadcrumb\":{\"@id\":\"https:\/\/senhorcarros.com\/about\/#breadcrumb\"},\"inLanguage\":\"fr-BE\",\"potentialAction\":[{\"@type\":\"ReadAction\",\"target\":[\"https:\/\/senhorcarros.com\/about\/\"]}]},{\"@type\":\"BreadcrumbList\",\"@id\":\"https:\/\/senhorcarros.com\/about\/#breadcrumb\",\"itemListElement\":[{\"@type\":\"ListItem\",\"position\":1,\"name\":\"Home\",\"item\":\"https:\/\/senhorcarros.com\/\"},{\"@type\":\"ListItem\",\"position\":2,\"name\":\"Sobre\"}]},{\"@type\":\"WebSite\",\"@id\":\"https:\/\/senhorcarros.com\/#website\",\"url\":\"https:\/\/senhorcarros.com\/\",\"name\":\"Senhor Carros\",\"description\":\"\",\"potentialAction\":[{\"@type\":\"SearchAction\",\"target\":{\"@type\":\"EntryPoint\",\"urlTemplate\":\"https:\/\/senhorcarros.com\/?s={search_term_string}\"},\"query-input\":\"required name=search_term_string\"}],\"inLanguage\":\"fr-BE\"}]}<\/script>\n<!-- \/ Yoast SEO plugin. -->","yoast_head_json":{"title":"Sobre - Senhor Carros","robots":{"index":"index","follow":"follow","max-snippet":"max-snippet:-1","max-image-preview":"max-image-preview:large","max-video-preview":"max-video-preview:-1"},"canonical":"https:\/\/senhorcarros.com\/fr\/about\/","og_locale":"fr_FR","og_type":"article","og_title":"Sobre - Senhor Carros","og_description":"O Senhor Carros \u00e9 um site criado para quem gosta de informa\u00e7\u00e3o clara, atual e confi\u00e1vel sobre o mundo automotivo e tamb\u00e9m sobre o universo dos jogos. Aqui, falamos de carros com seriedade, mas sem complicar, e trazemos tamb\u00e9m conte\u00fado relevante sobre o mundo dos games. Nosso foco \u00e9 oferecer conte\u00fados que ajudem o leitor&hellip; Continue reading Sobre","og_url":"https:\/\/senhorcarros.com\/fr\/about\/","og_site_name":"Senhor Carros","article_modified_time":"2025-10-29T14:07:35+00:00","twitter_card":"summary_large_image","twitter_misc":{"Est. reading time":"4 minutes"},"schema":{"@context":"https:\/\/schema.org","@graph":[{"@type":"WebPage","@id":"https:\/\/senhorcarros.com\/about\/","url":"https:\/\/senhorcarros.com\/about\/","name":"Sobre - Senhor Carros","isPartOf":{"@id":"https:\/\/senhorcarros.com\/#website"},"datePublished":"2020-06-07T17:58:56+00:00","dateModified":"2025-10-29T14:07:35+00:00","breadcrumb":{"@id":"https:\/\/senhorcarros.com\/about\/#breadcrumb"},"inLanguage":"fr-BE","potentialAction":[{"@type":"ReadAction","target":["https:\/\/senhorcarros.com\/about\/"]}]},{"@type":"BreadcrumbList","@id":"https:\/\/senhorcarros.com\/about\/#breadcrumb","itemListElement":[{"@type":"ListItem","position":1,"name":"Home","item":"https:\/\/senhorcarros.com\/"},{"@type":"ListItem","position":2,"name":"Sobre"}]},{"@type":"WebSite","@id":"https:\/\/senhorcarros.com\/#website","url":"https:\/\/senhorcarros.com\/","name":"Senhor Carros","description":"","potentialAction":[{"@type":"SearchAction","target":{"@type":"EntryPoint","urlTemplate":"https:\/\/senhorcarros.com\/?s={search_term_string}"},"query-input":"required name=search_term_string"}],"inLanguage":"fr-BE"}]}},"_links":{"self":[{"href":"https:\/\/senhorcarros.com\/fr\/wp-json\/wp\/v2\/pages\/25521"}],"collection":[{"href":"https:\/\/senhorcarros.com\/fr\/wp-json\/wp\/v2\/pages"}],"about":[{"href":"https:\/\/senhorcarros.com\/fr\/wp-json\/wp\/v2\/types\/page"}],"author":[{"embeddable":true,"href":"https:\/\/senhorcarros.com\/fr\/wp-json\/wp\/v2\/users\/26"}],"replies":[{"embeddable":true,"href":"https:\/\/senhorcarros.com\/fr\/wp-json\/wp\/v2\/comments?post=25521"}],"version-history":[{"count":7,"href":"https:\/\/senhorcarros.com\/fr\/wp-json\/wp\/v2\/pages\/25521\/revisions"}],"predecessor-version":[{"id":25883,"href":"https:\/\/senhorcarros.com\/fr\/wp-json\/wp\/v2\/pages\/25521\/revisions\/25883"}],"wp:attachment":[{"href":"https:\/\/senhorcarros.com\/fr\/wp-json\/wp\/v2\/media?parent=25521"}],"curies":[{"name":"wp","href":"https:\/\/api.w.org\/{rel}","templated":true}]}}